{"id":16,"date":"2021-08-15T17:14:45","date_gmt":"2021-08-15T20:14:45","guid":{"rendered":"https:\/\/springtime.com.ar\/sprsys\/?page_id=16"},"modified":"2021-10-22T06:30:37","modified_gmt":"2021-10-22T09:30:37","slug":"acerca-de","status":"publish","type":"page","link":"https:\/\/springtime.com.ar\/sprsys\/acerca-de\/","title":{"rendered":"Acerca de SpringSys"},"content":{"rendered":"\n<p class=\"has-large-font-size\">Sistema administrativo para<br><strong>Instituto de ingl\u00e9s Springtime<\/strong><\/p>\n\n\n\n<p class=\"has-text-align-right\">Programaci\u00f3n y Dise\u00f1o<\/p>\n\n\n\n<p class=\"has-text-align-right has-medium-font-size\"><strong>Juan Zuloaga<\/strong><\/p>\n\n\n\n<p class=\"has-text-align-right has-small-font-size\"><\/p>\n","protected":false},"excerpt":{"rendered":"<p>Sistema administrativo paraInstituto de ingl\u00e9s Springtime Programaci\u00f3n y Dise\u00f1o Juan Zuloaga<\/p>\n","protected":false},"author":1,"featured_media":0,"parent":0,"menu_order":0,"comment_status":"closed","ping_status":"closed","template":"","meta":{"footnotes":""},"class_list":["post-16","page","type-page","status-publish","hentry"],"_links":{"self":[{"href":"https:\/\/springtime.com.ar\/sprsys\/wp-json\/wp\/v2\/pages\/16","targetHints":{"allow":["GET"]}}],"collection":[{"href":"https:\/\/springtime.com.ar\/sprsys\/wp-json\/wp\/v2\/pages"}],"about":[{"href":"https:\/\/springtime.com.ar\/sprsys\/wp-json\/wp\/v2\/types\/page"}],"author":[{"embeddable":true,"href":"https:\/\/springtime.com.ar\/sprsys\/wp-json\/wp\/v2\/users\/1"}],"replies":[{"embeddable":true,"href":"https:\/\/springtime.com.ar\/sprsys\/wp-json\/wp\/v2\/comments?post=16"}],"version-history":[{"count":3,"href":"https:\/\/springtime.com.ar\/sprsys\/wp-json\/wp\/v2\/pages\/16\/revisions"}],"predecessor-version":[{"id":110,"href":"https:\/\/springtime.com.ar\/sprsys\/wp-json\/wp\/v2\/pages\/16\/revisions\/110"}],"wp:attachment":[{"href":"https:\/\/springtime.com.ar\/sprsys\/wp-json\/wp\/v2\/media?parent=16"}],"curies":[{"name":"wp","href":"https:\/\/api.w.org\/{rel}","templated":true}]}}