{"id":1980,"date":"2025-01-29T16:34:15","date_gmt":"2025-01-29T16:34:15","guid":{"rendered":"https:\/\/springtime.com.ar\/new\/?page_id=1980"},"modified":"2025-02-06T16:02:42","modified_gmt":"2025-02-06T16:02:42","slug":"wine-courses","status":"publish","type":"page","link":"https:\/\/springtime.com.ar\/new\/wine-courses\/","title":{"rendered":"Wine Courses"},"content":{"rendered":"\t\t<div data-elementor-type=\"wp-page\" data-elementor-id=\"1980\" class=\"elementor elementor-1980\">\n\t\t\t\t<div class=\"elementor-element elementor-element-2f4b3b38 e-con-full e-flex e-con e-parent\" data-id=\"2f4b3b38\" data-element_type=\"container\" data-e-type=\"container\" data-settings=\"{&quot;background_background&quot;:&quot;classic&quot;}\">\n\t\t<div class=\"elementor-element elementor-element-2f3ad538 e-con-full e-flex e-con e-child\" data-id=\"2f3ad538\" data-element_type=\"container\" data-e-type=\"container\">\n\t\t\t\t<div class=\"elementor-element elementor-element-28607efb elementor-widget elementor-widget-heading\" data-id=\"28607efb\" data-element_type=\"widget\" data-e-type=\"widget\" data-widget_type=\"heading.default\">\n\t\t\t\t<div class=\"elementor-widget-container\">\n\t\t\t\t\t<h1 class=\"elementor-heading-title elementor-size-default\">INGLES PARA EL MUNDO DEL VINO<\/h1>\t\t\t\t<\/div>\n\t\t\t\t<\/div>\n\t\t\t\t<\/div>\n\t\t\t\t<\/div>\n\t\t<div class=\"elementor-element elementor-element-e8019e9 e-flex e-con-boxed e-con e-parent\" data-id=\"e8019e9\" data-element_type=\"container\" data-e-type=\"container\">\n\t\t\t\t\t<div class=\"e-con-inner\">\n\t\t<div class=\"elementor-element elementor-element-ef80bb3 e-con-full e-flex e-con e-child\" data-id=\"ef80bb3\" data-element_type=\"container\" data-e-type=\"container\">\n\t\t\t\t<div class=\"elementor-element elementor-element-0003fa0 elementor-widget elementor-widget-image\" data-id=\"0003fa0\" data-element_type=\"widget\" data-e-type=\"widget\" data-widget_type=\"image.default\">\n\t\t\t\t<div class=\"elementor-widget-container\">\n\t\t\t\t\t\t\t\t\t\t\t\t\t\t\t<img fetchpriority=\"high\" decoding=\"async\" width=\"384\" height=\"513\" src=\"https:\/\/springtime.com.ar\/new\/wp-content\/uploads\/2025\/01\/Wine02.jpg\" class=\"attachment-full size-full wp-image-1988\" alt=\"\" srcset=\"https:\/\/springtime.com.ar\/new\/wp-content\/uploads\/2025\/01\/Wine02.jpg 384w, https:\/\/springtime.com.ar\/new\/wp-content\/uploads\/2025\/01\/Wine02-225x300.jpg 225w\" sizes=\"(max-width: 384px) 100vw, 384px\" \/>\t\t\t\t\t\t\t\t\t\t\t\t\t\t\t<\/div>\n\t\t\t\t<\/div>\n\t\t\t\t<\/div>\n\t\t<div class=\"elementor-element elementor-element-d1fbde7 e-con-full e-flex e-con e-child\" data-id=\"d1fbde7\" data-element_type=\"container\" data-e-type=\"container\">\n\t\t\t\t<div class=\"elementor-element elementor-element-6f0c312 elementor-widget elementor-widget-text-editor\" data-id=\"6f0c312\" data-element_type=\"widget\" data-e-type=\"widget\" data-widget_type=\"text-editor.default\">\n\t\t\t\t<div class=\"elementor-widget-container\">\n\t\t\t\t\t\t\t\t\t<p>El Instituto Springtime brinda Cursos de ingl\u00e9s vitivin\u00edcola orientados a en\u00f3logos sommeliers , ingenieros agr\u00f3nomos y amantes del vino.<\/p><p><br \/>Las clases brindan a los alumnos un conocimiento completo sobre el mundo del vino y est\u00e1n divididas por niveles. Son clases grupales e individuales.<\/p><p><br \/>Algunos de los contenidos y temas que se incluyen en los cursos son:<br \/>1. Introducci\u00f3n a la vitivinicultura<br \/>2. Clasificaciones de vino<br \/>3. Proceso de elaboraci\u00f3n de vinos<br \/>4. Principales regiones vitivin\u00edcolas<br \/>5. Mendoza, capital del vino. Variedades y regiones.<br \/>6. T\u00e9cnicas de cata y degustaci\u00f3n<br \/>7. Varietales<br \/>8. Servicio del vino<br \/>9. Maridaje<br \/>10. Tendencias actuales e innovaciones enol\u00f3gicas<\/p>\t\t\t\t\t\t\t\t<\/div>\n\t\t\t\t<\/div>\n\t\t\t\t<\/div>\n\t\t\t\t\t<\/div>\n\t\t\t\t<\/div>\n\t\t\t\t<\/div>\n\t\t","protected":false},"excerpt":{"rendered":"<p>INGLES PARA EL MUNDO DEL VINO El Instituto Springtime brinda Cursos de ingl\u00e9s vitivin\u00edcola orientados a en\u00f3logos sommeliers , ingenieros agr\u00f3nomos y amantes del vino. Las clases brindan a los alumnos un conocimiento completo sobre el mundo del vino y est\u00e1n divididas por niveles. Son clases grupales e individuales. Algunos de los contenidos y temas [&hellip;]<\/p>\n","protected":false},"author":1,"featured_media":0,"parent":0,"menu_order":0,"comment_status":"closed","ping_status":"closed","template":"","meta":{"site-sidebar-layout":"no-sidebar","site-content-layout":"page-builder","ast-site-content-layout":"full-width-container","site-content-style":"unboxed","site-sidebar-style":"unboxed","ast-global-header-display":"","ast-banner-title-visibility":"","ast-main-header-display":"","ast-hfb-above-header-display":"","ast-hfb-below-header-display":"","ast-hfb-mobile-header-display":"","site-post-title":"disabled","ast-breadcrumbs-content":"","ast-featured-img":"disabled","footer-sml-layout":"","theme-transparent-header-meta":"enabled","adv-header-id-meta":"","stick-header-meta":"","header-above-stick-meta":"","header-main-stick-meta":"","header-below-stick-meta":"","astra-migrate-meta-layouts":"set","ast-page-background-enabled":"default","ast-page-background-meta":{"desktop":{"background-color":"","background-image":"","background-repeat":"repeat","background-position":"center center","background-size":"auto","background-attachment":"scroll","background-type":"","background-media":"","overlay-type":"","overlay-color":"","overlay-opacity":"","overlay-gradient":""},"tablet":{"background-color":"","background-image":"","background-repeat":"repeat","background-position":"center center","background-size":"auto","background-attachment":"scroll","background-type":"","background-media":"","overlay-type":"","overlay-color":"","overlay-opacity":"","overlay-gradient":""},"mobile":{"background-color":"","background-image":"","background-repeat":"repeat","background-position":"center center","background-size":"auto","background-attachment":"scroll","background-type":"","background-media":"","overlay-type":"","overlay-color":"","overlay-opacity":"","overlay-gradient":""}},"ast-content-background-meta":{"desktop":{"background-color":"var(--ast-global-color-5)","background-image":"","background-repeat":"repeat","background-position":"center center","background-size":"auto","background-attachment":"scroll","background-type":"","background-media":"","overlay-type":"","overlay-color":"","overlay-opacity":"","overlay-gradient":""},"tablet":{"background-color":"var(--ast-global-color-5)","background-image":"","background-repeat":"repeat","background-position":"center center","background-size":"auto","background-attachment":"scroll","background-type":"","background-media":"","overlay-type":"","overlay-color":"","overlay-opacity":"","overlay-gradient":""},"mobile":{"background-color":"var(--ast-global-color-5)","background-image":"","background-repeat":"repeat","background-position":"center center","background-size":"auto","background-attachment":"scroll","background-type":"","background-media":"","overlay-type":"","overlay-color":"","overlay-opacity":"","overlay-gradient":""}},"footnotes":""},"class_list":["post-1980","page","type-page","status-publish","hentry"],"_links":{"self":[{"href":"https:\/\/springtime.com.ar\/new\/wp-json\/wp\/v2\/pages\/1980","targetHints":{"allow":["GET"]}}],"collection":[{"href":"https:\/\/springtime.com.ar\/new\/wp-json\/wp\/v2\/pages"}],"about":[{"href":"https:\/\/springtime.com.ar\/new\/wp-json\/wp\/v2\/types\/page"}],"author":[{"embeddable":true,"href":"https:\/\/springtime.com.ar\/new\/wp-json\/wp\/v2\/users\/1"}],"replies":[{"embeddable":true,"href":"https:\/\/springtime.com.ar\/new\/wp-json\/wp\/v2\/comments?post=1980"}],"version-history":[{"count":25,"href":"https:\/\/springtime.com.ar\/new\/wp-json\/wp\/v2\/pages\/1980\/revisions"}],"predecessor-version":[{"id":2303,"href":"https:\/\/springtime.com.ar\/new\/wp-json\/wp\/v2\/pages\/1980\/revisions\/2303"}],"wp:attachment":[{"href":"https:\/\/springtime.com.ar\/new\/wp-json\/wp\/v2\/media?parent=1980"}],"curies":[{"name":"wp","href":"https:\/\/api.w.org\/{rel}","templated":true}]}}