{"id":1951,"date":"2025-01-29T16:20:17","date_gmt":"2025-01-29T16:20:17","guid":{"rendered":"https:\/\/springtime.com.ar\/new\/?page_id=1951"},"modified":"2025-02-11T14:38:28","modified_gmt":"2025-02-11T14:38:28","slug":"spanish-classes","status":"publish","type":"page","link":"https:\/\/springtime.com.ar\/new\/spanish-classes\/","title":{"rendered":"Spanish Classes"},"content":{"rendered":"\t\t<div data-elementor-type=\"wp-page\" data-elementor-id=\"1951\" class=\"elementor elementor-1951\">\n\t\t\t\t<div class=\"elementor-element elementor-element-2f4b3b38 e-con-full e-flex e-con e-parent\" data-id=\"2f4b3b38\" data-element_type=\"container\" data-e-type=\"container\" data-settings=\"{&quot;background_background&quot;:&quot;classic&quot;}\">\n\t\t<div class=\"elementor-element elementor-element-2f3ad538 e-con-full e-flex e-con e-child\" data-id=\"2f3ad538\" data-element_type=\"container\" data-e-type=\"container\">\n\t\t\t\t<div class=\"elementor-element elementor-element-28607efb elementor-widget elementor-widget-heading\" data-id=\"28607efb\" data-element_type=\"widget\" data-e-type=\"widget\" data-widget_type=\"heading.default\">\n\t\t\t\t<div class=\"elementor-widget-container\">\n\t\t\t\t\t<h1 class=\"elementor-heading-title elementor-size-default\">SPANISH CLASSES<\/h1>\t\t\t\t<\/div>\n\t\t\t\t<\/div>\n\t\t\t\t<\/div>\n\t\t\t\t<\/div>\n\t\t<div class=\"elementor-element elementor-element-1e3d36a7 e-flex e-con-boxed e-con e-parent\" data-id=\"1e3d36a7\" data-element_type=\"container\" data-e-type=\"container\" data-settings=\"{&quot;background_background&quot;:&quot;classic&quot;}\">\n\t\t\t\t\t<div class=\"e-con-inner\">\n\t\t<div class=\"elementor-element elementor-element-60aceec1 e-con-full e-flex e-con e-child\" data-id=\"60aceec1\" data-element_type=\"container\" data-e-type=\"container\">\n\t\t<div class=\"elementor-element elementor-element-300b118b e-flex e-con-boxed e-con e-child\" data-id=\"300b118b\" data-element_type=\"container\" data-e-type=\"container\">\n\t\t\t\t\t<div class=\"e-con-inner\">\n\t\t<div class=\"elementor-element elementor-element-45bf5a46 e-con-full e-flex e-con e-child\" data-id=\"45bf5a46\" data-element_type=\"container\" data-e-type=\"container\">\n\t\t\t\t<\/div>\n\t\t<div class=\"elementor-element elementor-element-4080afa2 e-con-full e-flex e-con e-child\" data-id=\"4080afa2\" data-element_type=\"container\" data-e-type=\"container\">\n\t\t\t\t<\/div>\n\t\t\t\t\t<\/div>\n\t\t\t\t<\/div>\n\t\t\t\t<\/div>\n\t\t\t\t<div class=\"elementor-element elementor-element-7a4dc0b5 elementor-widget__width-initial elementor-widget elementor-widget-image\" data-id=\"7a4dc0b5\" data-element_type=\"widget\" data-e-type=\"widget\" data-widget_type=\"image.default\">\n\t\t\t\t<div class=\"elementor-widget-container\">\n\t\t\t\t\t\t\t\t\t\t\t\t\t\t\t<img fetchpriority=\"high\" decoding=\"async\" width=\"1024\" height=\"600\" src=\"https:\/\/springtime.com.ar\/new\/wp-content\/uploads\/2025\/01\/learnspanish.png\" class=\"attachment-full size-full wp-image-1959\" alt=\"\" srcset=\"https:\/\/springtime.com.ar\/new\/wp-content\/uploads\/2025\/01\/learnspanish.png 1024w, https:\/\/springtime.com.ar\/new\/wp-content\/uploads\/2025\/01\/learnspanish-300x176.png 300w, https:\/\/springtime.com.ar\/new\/wp-content\/uploads\/2025\/01\/learnspanish-768x450.png 768w\" sizes=\"(max-width: 1024px) 100vw, 1024px\" \/>\t\t\t\t\t\t\t\t\t\t\t\t\t\t\t<\/div>\n\t\t\t\t<\/div>\n\t\t\t\t\t<\/div>\n\t\t\t\t<\/div>\n\t\t<div class=\"elementor-element elementor-element-e8019e9 e-flex e-con-boxed e-con e-parent\" data-id=\"e8019e9\" data-element_type=\"container\" data-e-type=\"container\">\n\t\t\t\t\t<div class=\"e-con-inner\">\n\t\t<div class=\"elementor-element elementor-element-ef80bb3 e-con-full e-flex e-con e-child\" data-id=\"ef80bb3\" data-element_type=\"container\" data-e-type=\"container\">\n\t\t\t\t<div class=\"elementor-element elementor-element-0003fa0 elementor-widget elementor-widget-image\" data-id=\"0003fa0\" data-element_type=\"widget\" data-e-type=\"widget\" data-widget_type=\"image.default\">\n\t\t\t\t<div class=\"elementor-widget-container\">\n\t\t\t\t\t\t\t\t\t\t\t\t\t\t\t<img decoding=\"async\" width=\"1084\" height=\"722\" src=\"https:\/\/springtime.com.ar\/new\/wp-content\/uploads\/2025\/01\/Presenciar.jpg\" class=\"attachment-full size-full wp-image-1975\" alt=\"\" srcset=\"https:\/\/springtime.com.ar\/new\/wp-content\/uploads\/2025\/01\/Presenciar.jpg 1084w, https:\/\/springtime.com.ar\/new\/wp-content\/uploads\/2025\/01\/Presenciar-300x200.jpg 300w, https:\/\/springtime.com.ar\/new\/wp-content\/uploads\/2025\/01\/Presenciar-1024x682.jpg 1024w, https:\/\/springtime.com.ar\/new\/wp-content\/uploads\/2025\/01\/Presenciar-768x512.jpg 768w\" sizes=\"(max-width: 1084px) 100vw, 1084px\" \/>\t\t\t\t\t\t\t\t\t\t\t\t\t\t\t<\/div>\n\t\t\t\t<\/div>\n\t\t\t\t<\/div>\n\t\t<div class=\"elementor-element elementor-element-d1fbde7 e-con-full e-flex e-con e-child\" data-id=\"d1fbde7\" data-element_type=\"container\" data-e-type=\"container\">\n\t\t\t\t<div class=\"elementor-element elementor-element-6f0c312 elementor-widget elementor-widget-text-editor\" data-id=\"6f0c312\" data-element_type=\"widget\" data-e-type=\"widget\" data-widget_type=\"text-editor.default\">\n\t\t\t\t<div class=\"elementor-widget-container\">\n\t\t\t\t\t\t\t\t\t<p><strong><em>Springtime Institute has an extensive experience of more than 20 years in teaching Spanish to foreigners.\u00a0 The classes can be individual or in groups, online or in our institute.<\/em><\/strong><br \/>El Instituto Springtime cuenta con una amplia experiencia de m\u00e1s de 20 a\u00f1os en la ense\u00f1anza de espa\u00f1ol a extranjeros. Las clases pueden ser individuales o grupales, online o presencialmente en nuestro instituto.<\/p><p><strong><em>We offer Spanish classes for those students who want to communicate in different situations.<\/em><\/strong><br \/>Ofrecemos clases de espa\u00f1ol para aquellos estudiantes que desean comunicarse en distintas situaciones.<\/p><p><em><span style=\"font-size: 14.0pt; line-height: 115%; font-family: 'Calibri',sans-serif; mso-ascii-theme-font: minor-latin; mso-fareast-font-family: Calibri; mso-fareast-theme-font: minor-latin; mso-hansi-theme-font: minor-latin; mso-bidi-font-family: 'Times New Roman'; mso-bidi-theme-font: minor-bidi; mso-ansi-language: ES-AR; mso-fareast-language: EN-US; mso-bidi-language: AR-SA;\"><b>Our\u00a0classes are dynamic, interactive and adapted to the level and interest of the\u00a0students.<\/b><\/span><\/em><br \/>Nuestras clases son din\u00e1micas, interactivas y adaptadas al nivel e inter\u00e9s de los alumnos.<\/p>\t\t\t\t\t\t\t\t<\/div>\n\t\t\t\t<\/div>\n\t\t\t\t<\/div>\n\t\t\t\t\t<\/div>\n\t\t\t\t<\/div>\n\t\t<div class=\"elementor-element elementor-element-60f7158 e-flex e-con-boxed e-con e-parent\" data-id=\"60f7158\" data-element_type=\"container\" data-e-type=\"container\">\n\t\t\t\t\t<div class=\"e-con-inner\">\n\t\t<div class=\"elementor-element elementor-element-77c8894 e-con-full e-flex e-con e-child\" data-id=\"77c8894\" data-element_type=\"container\" data-e-type=\"container\">\n\t\t\t\t<div class=\"elementor-element elementor-element-a9b4d1e elementor-widget elementor-widget-text-editor\" data-id=\"a9b4d1e\" data-element_type=\"widget\" data-e-type=\"widget\" data-widget_type=\"text-editor.default\">\n\t\t\t\t<div class=\"elementor-widget-container\">\n\t\t\t\t\t\t\t\t\t<p><em><strong>We will explain our innovative methodology for learning Spanish:<br \/><\/strong><\/em><span style=\"font-size: 16px;\">A continuaci\u00f3n les explicaremos nuestra metodolog\u00eda innovadora para aprender espa\u00f1ol<\/span>:<\/p><p><em><strong>&#8211; Communicative Approach<\/strong><\/em><br \/>Enfoque comunicativo<\/p><p><em><strong>&#8211; Grammar and Vocabulary acquisition<\/strong><\/em><br \/>Aprendizaje de gram\u00e1tica y vocabulario<\/p><p><em><strong>&#8211; Development of linguistic abilities<\/strong><\/em><br \/>Desarrollo de habilidades lingu\u00edsticas<\/p><p><em><strong>&#8211; Learning about culture and customs<\/strong><\/em><br \/>Aprendizaje de aspectos culturales y costumbres.<\/p><p><em><strong>In all courses we offer guided practice, audio and video resources, educational games and updated material.<\/strong><\/em><br \/>En todos los cursos ofrecemos pr\u00e1ctica guiada, recursos de audio y video, juegos did\u00e1cticos y material actualizado.<\/p>\t\t\t\t\t\t\t\t<\/div>\n\t\t\t\t<\/div>\n\t\t\t\t<\/div>\n\t\t<div class=\"elementor-element elementor-element-b504ce5 e-con-full e-flex e-con e-child\" data-id=\"b504ce5\" data-element_type=\"container\" data-e-type=\"container\">\n\t\t\t\t<div class=\"elementor-element elementor-element-ed9c85f elementor-widget elementor-widget-image\" data-id=\"ed9c85f\" data-element_type=\"widget\" data-e-type=\"widget\" data-widget_type=\"image.default\">\n\t\t\t\t<div class=\"elementor-widget-container\">\n\t\t\t\t\t\t\t\t\t\t\t\t\t\t\t<img decoding=\"async\" width=\"787\" height=\"459\" src=\"https:\/\/springtime.com.ar\/new\/wp-content\/uploads\/2025\/01\/online.jpg\" class=\"attachment-full size-full wp-image-1976\" alt=\"\" srcset=\"https:\/\/springtime.com.ar\/new\/wp-content\/uploads\/2025\/01\/online.jpg 787w, https:\/\/springtime.com.ar\/new\/wp-content\/uploads\/2025\/01\/online-300x175.jpg 300w, https:\/\/springtime.com.ar\/new\/wp-content\/uploads\/2025\/01\/online-768x448.jpg 768w\" sizes=\"(max-width: 787px) 100vw, 787px\" \/>\t\t\t\t\t\t\t\t\t\t\t\t\t\t\t<\/div>\n\t\t\t\t<\/div>\n\t\t\t\t<\/div>\n\t\t\t\t\t<\/div>\n\t\t\t\t<\/div>\n\t\t\t\t<\/div>\n\t\t","protected":false},"excerpt":{"rendered":"<p>SPANISH CLASSES Springtime Institute has an extensive experience of more than 20 years in teaching Spanish to foreigners.\u00a0 The classes can be individual or in groups, online or in our institute.El Instituto Springtime cuenta con una amplia experiencia de m\u00e1s de 20 a\u00f1os en la ense\u00f1anza de espa\u00f1ol a extranjeros. Las clases pueden ser individuales [&hellip;]<\/p>\n","protected":false},"author":1,"featured_media":0,"parent":0,"menu_order":0,"comment_status":"closed","ping_status":"closed","template":"","meta":{"site-sidebar-layout":"no-sidebar","site-content-layout":"page-builder","ast-site-content-layout":"full-width-container","site-content-style":"unboxed","site-sidebar-style":"unboxed","ast-global-header-display":"","ast-banner-title-visibility":"","ast-main-header-display":"","ast-hfb-above-header-display":"","ast-hfb-below-header-display":"","ast-hfb-mobile-header-display":"","site-post-title":"disabled","ast-breadcrumbs-content":"","ast-featured-img":"disabled","footer-sml-layout":"","theme-transparent-header-meta":"enabled","adv-header-id-meta":"","stick-header-meta":"","header-above-stick-meta":"","header-main-stick-meta":"","header-below-stick-meta":"","astra-migrate-meta-layouts":"set","ast-page-background-enabled":"default","ast-page-background-meta":{"desktop":{"background-color":"","background-image":"","background-repeat":"repeat","background-position":"center center","background-size":"auto","background-attachment":"scroll","background-type":"","background-media":"","overlay-type":"","overlay-color":"","overlay-opacity":"","overlay-gradient":""},"tablet":{"background-color":"","background-image":"","background-repeat":"repeat","background-position":"center center","background-size":"auto","background-attachment":"scroll","background-type":"","background-media":"","overlay-type":"","overlay-color":"","overlay-opacity":"","overlay-gradient":""},"mobile":{"background-color":"","background-image":"","background-repeat":"repeat","background-position":"center center","background-size":"auto","background-attachment":"scroll","background-type":"","background-media":"","overlay-type":"","overlay-color":"","overlay-opacity":"","overlay-gradient":""}},"ast-content-background-meta":{"desktop":{"background-color":"var(--ast-global-color-5)","background-image":"","background-repeat":"repeat","background-position":"center center","background-size":"auto","background-attachment":"scroll","background-type":"","background-media":"","overlay-type":"","overlay-color":"","overlay-opacity":"","overlay-gradient":""},"tablet":{"background-color":"var(--ast-global-color-5)","background-image":"","background-repeat":"repeat","background-position":"center center","background-size":"auto","background-attachment":"scroll","background-type":"","background-media":"","overlay-type":"","overlay-color":"","overlay-opacity":"","overlay-gradient":""},"mobile":{"background-color":"var(--ast-global-color-5)","background-image":"","background-repeat":"repeat","background-position":"center center","background-size":"auto","background-attachment":"scroll","background-type":"","background-media":"","overlay-type":"","overlay-color":"","overlay-opacity":"","overlay-gradient":""}},"footnotes":""},"class_list":["post-1951","page","type-page","status-publish","hentry"],"_links":{"self":[{"href":"https:\/\/springtime.com.ar\/new\/wp-json\/wp\/v2\/pages\/1951","targetHints":{"allow":["GET"]}}],"collection":[{"href":"https:\/\/springtime.com.ar\/new\/wp-json\/wp\/v2\/pages"}],"about":[{"href":"https:\/\/springtime.com.ar\/new\/wp-json\/wp\/v2\/types\/page"}],"author":[{"embeddable":true,"href":"https:\/\/springtime.com.ar\/new\/wp-json\/wp\/v2\/users\/1"}],"replies":[{"embeddable":true,"href":"https:\/\/springtime.com.ar\/new\/wp-json\/wp\/v2\/comments?post=1951"}],"version-history":[{"count":43,"href":"https:\/\/springtime.com.ar\/new\/wp-json\/wp\/v2\/pages\/1951\/revisions"}],"predecessor-version":[{"id":2341,"href":"https:\/\/springtime.com.ar\/new\/wp-json\/wp\/v2\/pages\/1951\/revisions\/2341"}],"wp:attachment":[{"href":"https:\/\/springtime.com.ar\/new\/wp-json\/wp\/v2\/media?parent=1951"}],"curies":[{"name":"wp","href":"https:\/\/api.w.org\/{rel}","templated":true}]}}